{"id":68,"date":"2017-12-05T12:23:21","date_gmt":"2017-12-05T17:23:21","guid":{"rendered":"https:\/\/piramalcriticalcare.com\/italy\/?page_id=68"},"modified":"2025-06-23T15:05:57","modified_gmt":"2025-06-23T19:05:57","slug":"contatta-il-supporto","status":"publish","type":"page","link":"https:\/\/piramalcriticalcare.com\/italy\/contatta-il-supporto\/","title":{"rendered":"CONTATTA IL SUPPORTO"},"content":{"rendered":"<p>Mettiti in contatto con Piramal Critical Care utilizzando il modulo sottostante. Accogliamo con favore i vostri commenti, domande e richieste sui nostri prodotti, nonch\u00e9 opportunit\u00e0 di investimento, distribuzione e partnership.<br \/>\nQuesto modulo \u00e8 destinato alle richieste provenienti dall\u2019Italia.<\/p>\n","protected":false},"excerpt":{"rendered":"<p>Mettiti in contatto con Piramal Critical Care utilizzando il modulo sottostante. Accogliamo con favore i vostri commenti, domande e richieste sui nostri prodotti, nonch\u00e9 opportunit\u00e0 di investimento, distribuzione e partnership. Questo modulo \u00e8 destinato alle richieste provenienti dall\u2019Italia.<\/p>\n","protected":false},"author":1,"featured_media":0,"parent":0,"menu_order":0,"comment_status":"closed","ping_status":"closed","template":"","meta":{"_acf_changed":true,"footnotes":""},"class_list":["post-68","page","type-page","status-publish","hentry"],"acf":[],"_links":{"self":[{"href":"https:\/\/piramalcriticalcare.com\/italy\/wp-json\/wp\/v2\/pages\/68","targetHints":{"allow":["GET"]}}],"collection":[{"href":"https:\/\/piramalcriticalcare.com\/italy\/wp-json\/wp\/v2\/pages"}],"about":[{"href":"https:\/\/piramalcriticalcare.com\/italy\/wp-json\/wp\/v2\/types\/page"}],"author":[{"embeddable":true,"href":"https:\/\/piramalcriticalcare.com\/italy\/wp-json\/wp\/v2\/users\/1"}],"replies":[{"embeddable":true,"href":"https:\/\/piramalcriticalcare.com\/italy\/wp-json\/wp\/v2\/comments?post=68"}],"version-history":[{"count":0,"href":"https:\/\/piramalcriticalcare.com\/italy\/wp-json\/wp\/v2\/pages\/68\/revisions"}],"wp:attachment":[{"href":"https:\/\/piramalcriticalcare.com\/italy\/wp-json\/wp\/v2\/media?parent=68"}],"curies":[{"name":"wp","href":"https:\/\/api.w.org\/{rel}","templated":true}]}}